{"id":7036,"date":"2023-02-28T11:14:07","date_gmt":"2023-02-28T10:14:07","guid":{"rendered":"https:\/\/unverredeau.com\/?page_id=7036"},"modified":"2023-04-25T09:24:40","modified_gmt":"2023-04-25T07:24:40","slug":"qui-sommes-nous","status":"publish","type":"page","link":"https:\/\/unverredeau.com\/fr_fr\/qui-sommes-nous\/","title":{"rendered":"Qui sommes-nous ?"},"content":{"rendered":"\n<div class=\"wp-block-cover alignfull is-light\" style=\"min-height:70vh;aspect-ratio:unset;\"><span aria-hidden=\"true\" class=\"wp-block-cover__background has-background-dim-20 has-background-dim\"><\/span><img loading=\"lazy\" decoding=\"async\" width=\"4896\" height=\"3264\" data-attachment-id=\"7048\" data-permalink=\"https:\/\/unverredeau.com\/fr_fr\/qui-sommes-nous\/d71p6419\/#main\" data-orig-file=\"https:\/\/unverredeau.com\/wp-content\/uploads\/2023\/02\/D71P6419.jpg\" data-orig-size=\"4896,3264\" data-comments-opened=\"1\" data-image-meta=\"{&quot;aperture&quot;:&quot;8&quot;,&quot;credit&quot;:&quot;&quot;,&quot;camera&quot;:&quot;Canon EOS-1D Mark IV&quot;,&quot;caption&quot;:&quot;&quot;,&quot;created_timestamp&quot;:&quot;1666854599&quot;,&quot;copyright&quot;:&quot;&quot;,&quot;focal_length&quot;:&quot;236&quot;,&quot;iso&quot;:&quot;100&quot;,&quot;shutter_speed&quot;:&quot;0.0025&quot;,&quot;title&quot;:&quot;&quot;,&quot;orientation&quot;:&quot;1&quot;}\" data-image-title=\"D71P6419\" data-image-description=\"\" data-image-caption=\"\" data-large-file=\"https:\/\/unverredeau.com\/wp-content\/uploads\/2023\/02\/D71P6419-1024x683.jpg\" class=\"wp-block-cover__image-background wp-image-7048\" alt=\"\" src=\"https:\/\/unverredeau.com\/wp-content\/uploads\/2023\/02\/D71P6419.jpg\" data-object-fit=\"cover\" srcset=\"https:\/\/unverredeau.com\/wp-content\/uploads\/2023\/02\/D71P6419.jpg 4896w, https:\/\/unverredeau.com\/wp-content\/uploads\/2023\/02\/D71P6419-300x200.jpg 300w, https:\/\/unverredeau.com\/wp-content\/uploads\/2023\/02\/D71P6419-1024x683.jpg 1024w, https:\/\/unverredeau.com\/wp-content\/uploads\/2023\/02\/D71P6419-768x512.jpg 768w, https:\/\/unverredeau.com\/wp-content\/uploads\/2023\/02\/D71P6419-1536x1024.jpg 1536w, https:\/\/unverredeau.com\/wp-content\/uploads\/2023\/02\/D71P6419-2048x1365.jpg 2048w, https:\/\/unverredeau.com\/wp-content\/uploads\/2023\/02\/D71P6419-1200x800.jpg 1200w\" sizes=\"auto, (max-width: 4896px) 100vw, 4896px\" \/><div class=\"wp-block-cover__inner-container is-layout-flow wp-block-cover-is-layout-flow\">\n<h1 class=\"wp-block-heading has-text-align-center has-base-3-color has-text-color\">Qui sommes nous ?<\/h1>\n<\/div><\/div>\n\n\n\n<h2 class=\"wp-block-heading\">\u0152uvrons ensemble pour les causes oubli\u00e9es !<\/h2>\n\n\n\n<p class=\"wp-block-paragraph\">La souffrance quelle que soit son origine est toujours inacceptable pourtant un grand nombre de crises sont r\u00e9guli\u00e8rement exclues du tourbillon m\u00e9diatique pour des raisons d&rsquo;audiences. Parfois aussi, on n\u00e9glige le fait que les crises perdurent. Leurs victimes n&rsquo;en sont pas moins importantes et ne doivent jamais \u00eatre oubli\u00e9es. Heureusement, de nombreuses associations \u0153uvrent tous les jours pour les plus d\u00e9munis et les oubli\u00e9s. Ce sont leurs actions, partout dans le monde, qu\u2019Un Verre d\u2019Eau veut soutenir.<\/p>\n\n\n\n<div style=\"height:100px\" aria-hidden=\"true\" class=\"wp-block-spacer\"><\/div>\n\n\n\n<h2 class=\"wp-block-heading\">Nos domaines d&rsquo;action<\/h2>\n\n\n\n<div class=\"wp-block-group alignfull theme\"><div class=\"wp-block-group__inner-container is-layout-constrained wp-block-group-is-layout-constrained\">\n<div class=\"wp-block-columns alignfull is-layout-flex wp-container-core-columns-is-layout-8f761849 wp-block-columns-is-layout-flex\">\n<div class=\"wp-block-column has-base-background-color has-background is-layout-flow wp-block-column-is-layout-flow\">\n<div class=\"wp-block-cover is-light has-custom-content-position is-position-bottom-center\"><span aria-hidden=\"true\" class=\"wp-block-cover__background has-background-dim-0 has-background-dim\"><\/span><img loading=\"lazy\" decoding=\"async\" width=\"1024\" height=\"512\" data-attachment-id=\"884\" data-permalink=\"https:\/\/unverredeau.com\/fr_fr\/2c436cee-403a-453f-a417-f6913d6aa776\/\" data-orig-file=\"https:\/\/unverredeau.com\/wp-content\/uploads\/2021\/07\/2c436cee-403a-453f-a417-f6913d6aa776.jpg\" data-orig-size=\"1024,512\" data-comments-opened=\"1\" data-image-meta=\"{&quot;aperture&quot;:&quot;0&quot;,&quot;credit&quot;:&quot;&quot;,&quot;camera&quot;:&quot;&quot;,&quot;caption&quot;:&quot;&quot;,&quot;created_timestamp&quot;:&quot;0&quot;,&quot;copyright&quot;:&quot;&quot;,&quot;focal_length&quot;:&quot;0&quot;,&quot;iso&quot;:&quot;0&quot;,&quot;shutter_speed&quot;:&quot;0&quot;,&quot;title&quot;:&quot;&quot;,&quot;orientation&quot;:&quot;0&quot;}\" data-image-title=\"2c436cee-403a-453f-a417-f6913d6aa776\" data-image-description=\"\" data-image-caption=\"\" data-large-file=\"https:\/\/unverredeau.com\/wp-content\/uploads\/2021\/07\/2c436cee-403a-453f-a417-f6913d6aa776.jpg\" class=\"wp-block-cover__image-background wp-image-884\" alt=\"\" src=\"https:\/\/unverredeau.com\/wp-content\/uploads\/2021\/07\/2c436cee-403a-453f-a417-f6913d6aa776.jpg\" data-object-fit=\"cover\" srcset=\"https:\/\/unverredeau.com\/wp-content\/uploads\/2021\/07\/2c436cee-403a-453f-a417-f6913d6aa776.jpg 1024w, https:\/\/unverredeau.com\/wp-content\/uploads\/2021\/07\/2c436cee-403a-453f-a417-f6913d6aa776-300x150.jpg 300w, https:\/\/unverredeau.com\/wp-content\/uploads\/2021\/07\/2c436cee-403a-453f-a417-f6913d6aa776-768x384.jpg 768w\" sizes=\"auto, (max-width: 1024px) 100vw, 1024px\" \/><div class=\"wp-block-cover__inner-container is-layout-flow wp-block-cover-is-layout-flow\">\n<h3 class=\"wp-block-heading has-large-font-size\">Social<\/h3>\n<\/div><\/div>\n\n\n\n<div style=\"height:20px\" aria-hidden=\"true\" class=\"wp-block-spacer\"><\/div>\n\n\n\n<h4 class=\"wp-block-heading\">Campagnes r\u00e9alis\u00e9es ou en cours&nbsp;:<\/h4>\n\n\n\n<ul class=\"wp-block-list\">\n<li><a href=\"https:\/\/unverredeau.com\/campagne-realisee-pour-lassociation-betsaleel\/\">Du Lait pour sauver des b\u00e9b\u00e9s au Tchad<\/a><\/li>\n\n\n\n<li><a href=\"https:\/\/afpesf.com\/projet2500colis-old\/\">Projet 2500 colis<\/a><\/li>\n\n\n\n<li><a href=\"https:\/\/unverredeau.com\/liban\/\">Ensemble, changeons leur destin !<\/a><\/li>\n<\/ul>\n\n\n\n<h4 class=\"wp-block-heading\">Nos amis sur le terrain :<\/h4>\n\n\n\n<ul class=\"wp-block-list\">\n<li><a href=\"https:\/\/unverredeau.com\/nos-amis\/#asa\">ASA<\/a><\/li>\n\n\n\n<li><a href=\"https:\/\/unverredeau.com\/nos-amis\/#tchad\">Betsaleel<\/a><\/li>\n\n\n\n<li><a href=\"https:\/\/unverredeau.com\/nos-amis\/#cahl\">CAHL<\/a><\/li>\n\n\n\n<li><a href=\"https:\/\/unverredeau.com\/nos-amis\/#svp\">Saint-Vincent de Paul<\/a><\/li>\n\n\n\n<li><a href=\"https:\/\/unverredeau.com\/nos-amis\/#sol\">Spring of Life<\/a><\/li>\n\n\n\n<li><a href=\"https:\/\/unverredeau.com\/nos-amis\/#liban\">Triumphant Mercy<\/a><\/li>\n<\/ul>\n<\/div>\n\n\n\n<div class=\"wp-block-column is-layout-flow wp-block-column-is-layout-flow\">\n<div class=\"wp-block-cover has-custom-content-position is-position-bottom-center\"><span aria-hidden=\"true\" class=\"wp-block-cover__background has-background-dim-0 has-background-dim\"><\/span><img loading=\"lazy\" decoding=\"async\" width=\"4896\" height=\"3264\" data-attachment-id=\"3413\" data-permalink=\"https:\/\/unverredeau.com\/fr_fr\/?attachment_id=3413#main\" data-orig-file=\"https:\/\/unverredeau.com\/wp-content\/uploads\/2021\/11\/D71P6125.jpg\" data-orig-size=\"4896,3264\" data-comments-opened=\"1\" data-image-meta=\"{&quot;aperture&quot;:&quot;5.6&quot;,&quot;credit&quot;:&quot;&quot;,&quot;camera&quot;:&quot;Canon EOS-1D Mark IV&quot;,&quot;caption&quot;:&quot;&quot;,&quot;created_timestamp&quot;:&quot;1635406896&quot;,&quot;copyright&quot;:&quot;&quot;,&quot;focal_length&quot;:&quot;97&quot;,&quot;iso&quot;:&quot;2000&quot;,&quot;shutter_speed&quot;:&quot;0.01&quot;,&quot;title&quot;:&quot;&quot;,&quot;orientation&quot;:&quot;1&quot;}\" data-image-title=\"D71P6125\" data-image-description=\"\" data-image-caption=\"\" data-large-file=\"https:\/\/unverredeau.com\/wp-content\/uploads\/2021\/11\/D71P6125-1024x683.jpg\" class=\"wp-block-cover__image-background wp-image-3413\" alt=\"\" src=\"https:\/\/unverredeau.com\/wp-content\/uploads\/2021\/11\/D71P6125.jpg\" data-object-fit=\"cover\" srcset=\"https:\/\/unverredeau.com\/wp-content\/uploads\/2021\/11\/D71P6125.jpg 4896w, https:\/\/unverredeau.com\/wp-content\/uploads\/2021\/11\/D71P6125-300x200.jpg 300w, https:\/\/unverredeau.com\/wp-content\/uploads\/2021\/11\/D71P6125-1024x683.jpg 1024w, https:\/\/unverredeau.com\/wp-content\/uploads\/2021\/11\/D71P6125-768x512.jpg 768w, https:\/\/unverredeau.com\/wp-content\/uploads\/2021\/11\/D71P6125-1536x1024.jpg 1536w, https:\/\/unverredeau.com\/wp-content\/uploads\/2021\/11\/D71P6125-2048x1365.jpg 2048w, https:\/\/unverredeau.com\/wp-content\/uploads\/2021\/11\/D71P6125-1200x800.jpg 1200w\" sizes=\"auto, (max-width: 4896px) 100vw, 4896px\" \/><div class=\"wp-block-cover__inner-container is-layout-flow wp-block-cover-is-layout-flow\">\n<h3 class=\"wp-block-heading has-text-align-center has-large-font-size\">Education &amp; Arts<\/h3>\n<\/div><\/div>\n\n\n\n<div style=\"height:20px\" aria-hidden=\"true\" class=\"wp-block-spacer\"><\/div>\n\n\n\n<h4 class=\"wp-block-heading\">Campagnes r\u00e9alis\u00e9es ou en cours&nbsp;:<\/h4>\n\n\n\n<ul class=\"wp-block-list\">\n<li><a href=\"https:\/\/unverredeau.com\/liban\/\">Ensemble, changeons leur destin !<\/a><\/li>\n<\/ul>\n\n\n\n<h4 class=\"wp-block-heading\">Nos amis sur le terrain :<\/h4>\n\n\n\n<ul class=\"wp-block-list\">\n<li><a href=\"https:\/\/unverredeau.com\/nos-amis\/#tahaddi\">Tahaddi<\/a><\/li>\n\n\n\n<li><a href=\"https:\/\/unverredeau.com\/nos-amis\/#france\">NOC<\/a><\/li>\n<\/ul>\n<\/div>\n\n\n\n<div class=\"wp-block-column has-base-background-color has-background is-layout-flow wp-block-column-is-layout-flow\">\n<div class=\"wp-block-cover is-light has-custom-content-position is-position-bottom-center\"><span aria-hidden=\"true\" class=\"wp-block-cover__background has-background-dim-0 has-background-dim\"><\/span><img loading=\"lazy\" decoding=\"async\" width=\"4032\" height=\"3024\" data-attachment-id=\"4368\" data-permalink=\"https:\/\/unverredeau.com\/fr_fr\/achevees\/madagascar\/20220127_114026\/#main\" data-orig-file=\"https:\/\/unverredeau.com\/wp-content\/uploads\/2022\/02\/20220127_114026.jpg\" data-orig-size=\"4032,3024\" data-comments-opened=\"1\" data-image-meta=\"{&quot;aperture&quot;:&quot;1.8&quot;,&quot;credit&quot;:&quot;&quot;,&quot;camera&quot;:&quot;SM-G780G&quot;,&quot;caption&quot;:&quot;&quot;,&quot;created_timestamp&quot;:&quot;1643283626&quot;,&quot;copyright&quot;:&quot;&quot;,&quot;focal_length&quot;:&quot;5.4&quot;,&quot;iso&quot;:&quot;40&quot;,&quot;shutter_speed&quot;:&quot;0.0011402508551881&quot;,&quot;title&quot;:&quot;&quot;,&quot;orientation&quot;:&quot;1&quot;}\" data-image-title=\"20220127_114026\" data-image-description=\"\" data-image-caption=\"\" data-large-file=\"https:\/\/unverredeau.com\/wp-content\/uploads\/2022\/02\/20220127_114026-1024x768.jpg\" class=\"wp-block-cover__image-background wp-image-4368\" alt=\"\" src=\"https:\/\/unverredeau.com\/wp-content\/uploads\/2022\/02\/20220127_114026.jpg\" data-object-fit=\"cover\" srcset=\"https:\/\/unverredeau.com\/wp-content\/uploads\/2022\/02\/20220127_114026.jpg 4032w, https:\/\/unverredeau.com\/wp-content\/uploads\/2022\/02\/20220127_114026-300x225.jpg 300w, https:\/\/unverredeau.com\/wp-content\/uploads\/2022\/02\/20220127_114026-1024x768.jpg 1024w, https:\/\/unverredeau.com\/wp-content\/uploads\/2022\/02\/20220127_114026-768x576.jpg 768w, https:\/\/unverredeau.com\/wp-content\/uploads\/2022\/02\/20220127_114026-1536x1152.jpg 1536w, https:\/\/unverredeau.com\/wp-content\/uploads\/2022\/02\/20220127_114026-2048x1536.jpg 2048w, https:\/\/unverredeau.com\/wp-content\/uploads\/2022\/02\/20220127_114026-1200x900.jpg?crop=1 1200w, https:\/\/unverredeau.com\/wp-content\/uploads\/2022\/02\/20220127_114026-800x600.jpg?crop=1 800w, https:\/\/unverredeau.com\/wp-content\/uploads\/2022\/02\/20220127_114026-400x300.jpg?crop=1 400w, https:\/\/unverredeau.com\/wp-content\/uploads\/2022\/02\/20220127_114026-200x150.jpg?crop=1 200w\" sizes=\"auto, (max-width: 4032px) 100vw, 4032px\" \/><div class=\"wp-block-cover__inner-container is-layout-flow wp-block-cover-is-layout-flow\">\n<h3 class=\"wp-block-heading has-text-align-center has-large-font-size\">Urgence<\/h3>\n<\/div><\/div>\n\n\n\n<div style=\"height:20px\" aria-hidden=\"true\" class=\"wp-block-spacer\"><\/div>\n\n\n\n<h4 class=\"wp-block-heading\">Campagnes r\u00e9alis\u00e9es ou en cours&nbsp;:<\/h4>\n\n\n\n<ul class=\"wp-block-list\">\n<li><a href=\"https:\/\/unverredeau.com\/madagascar\/\">Soufflons un \u00e9lan de g\u00e9n\u00e9rosit\u00e9 pour relever Madagascar<\/a><\/li>\n\n\n\n<li><a href=\"https:\/\/unverredeau.com\/seisme-en-turquie-et-en-syrie\/\" target=\"_blank\" rel=\"noreferrer noopener\">Chaque heure compte &#8211; Turquie \/ Syrie<\/a><\/li>\n<\/ul>\n\n\n\n<h4 class=\"wp-block-heading\">Nos amis sur le terrain :<\/h4>\n\n\n\n<ul class=\"wp-block-list\">\n<li><a href=\"https:\/\/unverredeau.com\/nos-amis\/#madagascar\">Un Miracle Malagasy<\/a><\/li>\n\n\n\n<li><a href=\"https:\/\/unverredeau.com\/nos-amis\/#urgentiste\">Medair<\/a><\/li>\n<\/ul>\n<\/div>\n<\/div>\n<\/div><\/div>\n\n\n\n<div style=\"height:100px\" aria-hidden=\"true\" id=\"approche\" class=\"wp-block-spacer\"><\/div>\n\n\n\n<h2 class=\"wp-block-heading\">Notre approche<\/h2>\n\n\n\n<p class=\"wp-block-paragraph\">Forts de nos savoir-faire, de nos exp\u00e9riences professionnelles, du large spectre de comp\u00e9tences que nous pouvons mobiliser, <strong>nous \u0153uvrons pour sensibiliser et inviter un large public \u00e0 agir avec nous<\/strong>, au travers de campagnes sur les r\u00e9seaux sociaux, \u00e0 l\u2019aide de vid\u00e9os, de publipostage, etc. <br>Les campagnes sont appuy\u00e9es par des plans de communication sur les diff\u00e9rents supports m\u00e9diatiques&nbsp;: presse, radio, t\u00e9l\u00e9vision, le but \u00e9tant d\u2019\u00eatre le plus largement diffus\u00e9.<\/p>\n\n\n\n<div class=\"wp-block-columns is-layout-flex wp-container-core-columns-is-layout-8f761849 wp-block-columns-is-layout-flex\">\n<div class=\"wp-block-column is-layout-flow wp-block-column-is-layout-flow\" style=\"flex-basis:66.66%\">\n<p class=\"wp-block-paragraph\">Nous travaillons en collaboration avec des relais locaux en contact direct avec les causes que nous voulons soutenir. Nous v\u00e9rifions au pr\u00e9alable leur int\u00e9grit\u00e9 et leur efficacit\u00e9 afin de garantir l\u2019aboutissement des projets et ainsi atteindre les b\u00e9n\u00e9ficiaires.<\/p>\n\n\n\n<p class=\"has-text-align-left wp-block-paragraph\"><strong>Chaque don compte&nbsp;! C&rsquo;est pourquoi 100% des dons re\u00e7us sont consacr\u00e9s aux b\u00e9n\u00e9ficiaires&nbsp;!<\/strong><\/p>\n\n\n\n<p class=\"wp-block-paragraph\">Nous utilisons des outils de collecte simples, fiables et \u00e9prouv\u00e9s. La s\u00e9curit\u00e9 des transactions, la garantie de la confidentialit\u00e9 et la protection des donn\u00e9es individuelles est assur\u00e9e en respectant les normes les plus exigeantes.<\/p>\n<\/div>\n\n\n\n<div class=\"wp-block-column is-vertically-aligned-center is-layout-flow wp-block-column-is-layout-flow\" style=\"flex-basis:33.33%\"><div class=\"wp-block-image\">\n<figure class=\"aligncenter size-full\"><img loading=\"lazy\" decoding=\"async\" width=\"300\" height=\"300\" data-attachment-id=\"3617\" data-permalink=\"https:\/\/unverredeau.com\/fr_fr\/liban_social-media-post-v2\/\" data-orig-file=\"https:\/\/unverredeau.com\/wp-content\/uploads\/2021\/11\/Liban_Social-Media-Post-V2-e1636934563558.jpg\" data-orig-size=\"300,300\" data-comments-opened=\"1\" data-image-meta=\"{&quot;aperture&quot;:&quot;0&quot;,&quot;credit&quot;:&quot;&quot;,&quot;camera&quot;:&quot;&quot;,&quot;caption&quot;:&quot;&quot;,&quot;created_timestamp&quot;:&quot;0&quot;,&quot;copyright&quot;:&quot;&quot;,&quot;focal_length&quot;:&quot;0&quot;,&quot;iso&quot;:&quot;0&quot;,&quot;shutter_speed&quot;:&quot;0&quot;,&quot;title&quot;:&quot;&quot;,&quot;orientation&quot;:&quot;0&quot;}\" data-image-title=\"Liban_Social Media Post V2\" data-image-description=\"\" data-image-caption=\"\" data-large-file=\"https:\/\/unverredeau.com\/wp-content\/uploads\/2021\/11\/Liban_Social-Media-Post-V2-e1636934563558.jpg\" src=\"https:\/\/unverredeau.com\/wp-content\/uploads\/2021\/11\/Liban_Social-Media-Post-V2-e1636934563558.jpg\" alt=\"\" class=\"wp-image-3617\"\/><\/figure>\n<\/div><\/div>\n<\/div>\n\n\n\n<p class=\"has-text-align-left wp-block-paragraph\"><strong>Nous sommes convaincus que la g\u00e9n\u00e9rosit\u00e9 est un chemin vers l&rsquo;espoir et qu&rsquo;il existera toujours des personnes altruistes pour agir&nbsp;!<\/strong><\/p>\n\n\n\n<div style=\"height:100px\" aria-hidden=\"true\" class=\"wp-block-spacer\"><\/div>\n\n\n\n<h2 class=\"wp-block-heading\" id=\"mot-de-la-presidente\">Mot de la pr\u00e9sidente<\/h2>\n\n\n\n<div class=\"wp-block-columns is-layout-flex wp-container-core-columns-is-layout-8f761849 wp-block-columns-is-layout-flex\">\n<div class=\"wp-block-column is-vertically-aligned-top is-layout-flow wp-block-column-is-layout-flow\" style=\"flex-basis:30%\">\n<figure class=\"wp-block-image size-full\"><img loading=\"lazy\" decoding=\"async\" width=\"956\" height=\"959\" data-attachment-id=\"3958\" data-permalink=\"https:\/\/unverredeau.com\/fr_fr\/?attachment_id=3958#main\" data-orig-file=\"https:\/\/unverredeau.com\/wp-content\/uploads\/2021\/11\/Nathalie.png\" data-orig-size=\"956,959\" data-comments-opened=\"1\" data-image-meta=\"{&quot;aperture&quot;:&quot;0&quot;,&quot;credit&quot;:&quot;&quot;,&quot;camera&quot;:&quot;&quot;,&quot;caption&quot;:&quot;&quot;,&quot;created_timestamp&quot;:&quot;0&quot;,&quot;copyright&quot;:&quot;&quot;,&quot;focal_length&quot;:&quot;0&quot;,&quot;iso&quot;:&quot;0&quot;,&quot;shutter_speed&quot;:&quot;0&quot;,&quot;title&quot;:&quot;&quot;,&quot;orientation&quot;:&quot;0&quot;}\" data-image-title=\"Nathalie\" data-image-description=\"\" data-image-caption=\"\" data-large-file=\"https:\/\/unverredeau.com\/wp-content\/uploads\/2021\/11\/Nathalie.png\" src=\"https:\/\/unverredeau.com\/wp-content\/uploads\/2021\/11\/Nathalie.png\" alt=\"\" class=\"wp-image-3958\" srcset=\"https:\/\/unverredeau.com\/wp-content\/uploads\/2021\/11\/Nathalie.png 956w, https:\/\/unverredeau.com\/wp-content\/uploads\/2021\/11\/Nathalie-300x300.png 300w, https:\/\/unverredeau.com\/wp-content\/uploads\/2021\/11\/Nathalie-150x150.png?crop=1 150w, https:\/\/unverredeau.com\/wp-content\/uploads\/2021\/11\/Nathalie-768x770.png 768w, https:\/\/unverredeau.com\/wp-content\/uploads\/2021\/11\/Nathalie-400x400.png?crop=1 400w, https:\/\/unverredeau.com\/wp-content\/uploads\/2021\/11\/Nathalie-200x200.png?crop=1 200w\" sizes=\"auto, (max-width: 956px) 100vw, 956px\" \/><\/figure>\n<\/div>\n\n\n\n<div class=\"wp-block-column is-layout-flow wp-block-column-is-layout-flow\" style=\"flex-basis:70%\">\n<p class=\"wp-block-paragraph\">Famine, s\u00e9cheresse, pers\u00e9cution, illettrisme, catastrophes naturelles, guerres, pas un jour ne passe sans que nous ne soyons interpel\u00e9s par le sort de leurs victimes innocentes. <\/p>\n\n\n\n<p class=\"wp-block-paragraph\"><strong>Quoi faire&nbsp;? Comment faire&nbsp;? Est-ce bien utile&nbsp;?<\/strong><\/p>\n\n\n\n<p class=\"wp-block-paragraph\">Avec l&rsquo;\u00e9quipe d&rsquo;Un Verre d&rsquo;Eau nous avons d\u00e9cid\u00e9 d&rsquo;agir et de nous autoriser \u00e0 r\u00eaver, qu&rsquo;une goutte \u00e0 la fois, nous pouvons nous aussi apporter une lueur d&rsquo;espoir l\u00e0 o\u00f9 il s&rsquo;est \u00e9teint. <\/p>\n\n\n\n<p class=\"wp-block-paragraph\">Les sujets ne manquent pas et les besoins sont \u00e9normes, alors nous voulons apporter notre contribution, et aller toucher ceux qui sont parfois oubli\u00e9s. <\/p>\n\n\n\n<p class=\"wp-block-paragraph\"><strong>Parce que c&rsquo;est aujourd&rsquo;hui qu&rsquo;il faut le faire, parce que nous croyons que toute initiative g\u00e9n\u00e9reuse et bienveillante est pr\u00e9cieuse nous nous sommes jet\u00e9s \u00e0 l&rsquo;eau&nbsp;! <\/strong><\/p>\n\n\n\n<p class=\"wp-block-paragraph\">La g\u00e9n\u00e9rosit\u00e9 procure de la joie \u00e0 celui qui re\u00e7oit, mais encore plus \u00e0 celui qui donne, alors remplissons nous de joie pour qu&rsquo;elle d\u00e9borde autour de nous, c&rsquo;est notre mission au travers du fonds de dotation, sentez-vous libre d&rsquo;y prendre part.<br><\/p>\n\n\n\n<div class=\"wp-block-columns is-layout-flex wp-container-core-columns-is-layout-8f761849 wp-block-columns-is-layout-flex\">\n<div class=\"wp-block-column is-layout-flow wp-block-column-is-layout-flow\" style=\"flex-basis:10%\">\n<figure class=\"wp-block-image size-full\"><img loading=\"lazy\" decoding=\"async\" width=\"512\" height=\"512\" data-attachment-id=\"3159\" data-permalink=\"https:\/\/unverredeau.com\/fr_fr\/cropped-logo-uvd-rs-png\/\" data-orig-file=\"https:\/\/unverredeau.com\/wp-content\/uploads\/2021\/11\/cropped-logo-UVD-RS.png\" data-orig-size=\"512,512\" data-comments-opened=\"1\" data-image-meta=\"{&quot;aperture&quot;:&quot;0&quot;,&quot;credit&quot;:&quot;&quot;,&quot;camera&quot;:&quot;&quot;,&quot;caption&quot;:&quot;&quot;,&quot;created_timestamp&quot;:&quot;0&quot;,&quot;copyright&quot;:&quot;&quot;,&quot;focal_length&quot;:&quot;0&quot;,&quot;iso&quot;:&quot;0&quot;,&quot;shutter_speed&quot;:&quot;0&quot;,&quot;title&quot;:&quot;&quot;,&quot;orientation&quot;:&quot;0&quot;}\" data-image-title=\"cropped-logo-UVD-RS.png\" data-image-description=\"&lt;p&gt;https:\/\/unverredeau.com\/wp-content\/uploads\/2021\/11\/cropped-logo-UVD-RS.png&lt;\/p&gt;\n\" data-image-caption=\"\" data-large-file=\"https:\/\/unverredeau.com\/wp-content\/uploads\/2021\/11\/cropped-logo-UVD-RS.png\" src=\"https:\/\/unverredeau.com\/wp-content\/uploads\/2021\/11\/cropped-logo-UVD-RS.png\" alt=\"\" class=\"wp-image-3159\" srcset=\"https:\/\/unverredeau.com\/wp-content\/uploads\/2021\/11\/cropped-logo-UVD-RS.png 512w, https:\/\/unverredeau.com\/wp-content\/uploads\/2021\/11\/cropped-logo-UVD-RS-300x300.png 300w, https:\/\/unverredeau.com\/wp-content\/uploads\/2021\/11\/cropped-logo-UVD-RS-150x150.png?crop=1 150w, https:\/\/unverredeau.com\/wp-content\/uploads\/2021\/11\/cropped-logo-UVD-RS-400x400.png?crop=1 400w, https:\/\/unverredeau.com\/wp-content\/uploads\/2021\/11\/cropped-logo-UVD-RS-200x200.png?crop=1 200w, https:\/\/unverredeau.com\/wp-content\/uploads\/2021\/11\/cropped-logo-UVD-RS-270x270.png 270w, https:\/\/unverredeau.com\/wp-content\/uploads\/2021\/11\/cropped-logo-UVD-RS-192x192.png 192w, https:\/\/unverredeau.com\/wp-content\/uploads\/2021\/11\/cropped-logo-UVD-RS-180x180.png 180w, https:\/\/unverredeau.com\/wp-content\/uploads\/2021\/11\/cropped-logo-UVD-RS-32x32.png 32w\" sizes=\"auto, (max-width: 512px) 100vw, 512px\" \/><\/figure>\n<\/div>\n\n\n\n<div class=\"wp-block-column is-layout-flow wp-block-column-is-layout-flow\" style=\"flex-basis:90%\">\n<p class=\"wp-block-paragraph\"><strong>Pour l&rsquo;\u00e9quipe d&rsquo;Un Verre d&rsquo;Eau <br>Nathalie TEXIER <br>Pr\u00e9sidente.<\/strong><\/p>\n<\/div>\n<\/div>\n<\/div>\n<\/div>\n\n\n\n<div style=\"height:100px\" aria-hidden=\"true\" class=\"wp-block-spacer\"><\/div>\n","protected":false},"excerpt":{"rendered":"","protected":false},"author":206570806,"featured_media":0,"parent":0,"menu_order":0,"comment_status":"closed","ping_status":"closed","template":"","meta":{"_eb_attr":"","_crdt_document":"","footnotes":""},"class_list":["post-7036","page","type-page","status-publish"],"jetpack_sharing_enabled":false,"jetpack_shortlink":"https:\/\/wp.me\/Pd4Q5h-1Pu","_links":{"self":[{"href":"https:\/\/unverredeau.com\/fr_fr\/wp-json\/wp\/v2\/pages\/7036","targetHints":{"allow":["GET"]}}],"collection":[{"href":"https:\/\/unverredeau.com\/fr_fr\/wp-json\/wp\/v2\/pages"}],"about":[{"href":"https:\/\/unverredeau.com\/fr_fr\/wp-json\/wp\/v2\/types\/page"}],"author":[{"embeddable":true,"href":"https:\/\/unverredeau.com\/fr_fr\/wp-json\/wp\/v2\/users\/206570806"}],"replies":[{"embeddable":true,"href":"https:\/\/unverredeau.com\/fr_fr\/wp-json\/wp\/v2\/comments?post=7036"}],"version-history":[{"count":80,"href":"https:\/\/unverredeau.com\/fr_fr\/wp-json\/wp\/v2\/pages\/7036\/revisions"}],"predecessor-version":[{"id":8190,"href":"https:\/\/unverredeau.com\/fr_fr\/wp-json\/wp\/v2\/pages\/7036\/revisions\/8190"}],"wp:attachment":[{"href":"https:\/\/unverredeau.com\/fr_fr\/wp-json\/wp\/v2\/media?parent=7036"}],"curies":[{"name":"wp","href":"https:\/\/api.w.org\/{rel}","templated":true}]}}