{"id":379,"date":"2021-06-16T15:59:48","date_gmt":"2021-06-16T13:59:48","guid":{"rendered":"https:\/\/unverredeau.com\/?page_id=379"},"modified":"2023-10-24T10:59:57","modified_gmt":"2023-10-24T08:59:57","slug":"achevees","status":"publish","type":"page","link":"https:\/\/unverredeau.com\/fr_fr\/achevees\/","title":{"rendered":"Campagnes achev\u00e9es"},"content":{"rendered":"\n<div class=\"wp-block-cover alignfull\" style=\"min-height:800px;aspect-ratio:unset;\"><span aria-hidden=\"true\" class=\"wp-block-cover__background has-background-dim-40 has-background-dim\"><\/span><img loading=\"lazy\" decoding=\"async\" width=\"1000\" height=\"668\" data-attachment-id=\"5248\" data-permalink=\"https:\/\/unverredeau.com\/fr_fr\/achevees\/firstaidmedicalkitonwoodbackgroundcopyspacetopview\/#main\" data-orig-file=\"https:\/\/unverredeau.com\/wp-content\/uploads\/2022\/03\/shutterstock_773127319.jpg\" data-orig-size=\"1000,668\" data-comments-opened=\"1\" data-image-meta=\"{&quot;aperture&quot;:&quot;0&quot;,&quot;credit&quot;:&quot;Shutterstock&quot;,&quot;camera&quot;:&quot;&quot;,&quot;caption&quot;:&quot;&quot;,&quot;created_timestamp&quot;:&quot;0&quot;,&quot;copyright&quot;:&quot;Copyright (c) 2017 showcake\/Shutterstock.  No use without permission.&quot;,&quot;focal_length&quot;:&quot;0&quot;,&quot;iso&quot;:&quot;0&quot;,&quot;shutter_speed&quot;:&quot;0&quot;,&quot;title&quot;:&quot;First,Aid,Medical,Kit,On,Wood,Background,copy,Space,top,View&quot;,&quot;orientation&quot;:&quot;1&quot;}\" data-image-title=\"First,Aid,Medical,Kit,On,Wood,Background,copy,Space,top,View\" data-image-description=\"\" data-image-caption=\"\" data-large-file=\"https:\/\/unverredeau.com\/wp-content\/uploads\/2022\/03\/shutterstock_773127319.jpg\" class=\"wp-block-cover__image-background wp-image-5248\" alt=\"\" src=\"https:\/\/unverredeau.com\/wp-content\/uploads\/2022\/03\/shutterstock_773127319.jpg\" data-object-fit=\"cover\" srcset=\"https:\/\/unverredeau.com\/wp-content\/uploads\/2022\/03\/shutterstock_773127319.jpg 1000w, https:\/\/unverredeau.com\/wp-content\/uploads\/2022\/03\/shutterstock_773127319-300x200.jpg 300w, https:\/\/unverredeau.com\/wp-content\/uploads\/2022\/03\/shutterstock_773127319-768x513.jpg 768w\" sizes=\"auto, (max-width: 1000px) 100vw, 1000px\" \/><div class=\"wp-block-cover__inner-container is-layout-flow wp-block-cover-is-layout-flow\">\n<h1 class=\"wp-block-heading has-text-align-center\">CAMPAGNES ACHEV\u00c9ES<\/h1>\n<\/div><\/div>\n\n\n\n<div style=\"height:100px\" aria-hidden=\"true\" class=\"wp-block-spacer\"><\/div>\n\n\n\n<div class=\"wp-block-columns is-layout-flex wp-container-core-columns-is-layout-8f761849 wp-block-columns-is-layout-flex\">\n<div class=\"wp-block-column is-layout-flow wp-block-column-is-layout-flow\">\n<figure class=\"wp-block-image size-full\"><a href=\"https:\/\/unverredeau.com\/achevees\/urgence-maroc\/\"><img loading=\"lazy\" decoding=\"async\" width=\"1200\" height=\"675\" data-attachment-id=\"9335\" data-permalink=\"https:\/\/unverredeau.com\/fr_fr\/whatsapp-image-2023-09-19-at-12-28-59-3\/\" data-orig-file=\"https:\/\/unverredeau.com\/wp-content\/uploads\/2023\/10\/WhatsApp-Image-2023-09-19-at-12.28.59-edited.jpeg\" data-orig-size=\"1200,675\" data-comments-opened=\"1\" data-image-meta=\"{&quot;aperture&quot;:&quot;0&quot;,&quot;credit&quot;:&quot;&quot;,&quot;camera&quot;:&quot;&quot;,&quot;caption&quot;:&quot;&quot;,&quot;created_timestamp&quot;:&quot;0&quot;,&quot;copyright&quot;:&quot;&quot;,&quot;focal_length&quot;:&quot;0&quot;,&quot;iso&quot;:&quot;0&quot;,&quot;shutter_speed&quot;:&quot;0&quot;,&quot;title&quot;:&quot;&quot;,&quot;orientation&quot;:&quot;0&quot;}\" data-image-title=\"WhatsApp-Image-2023-09-19-at-12.28.59\" data-image-description=\"\" data-image-caption=\"\" data-large-file=\"https:\/\/unverredeau.com\/wp-content\/uploads\/2023\/10\/WhatsApp-Image-2023-09-19-at-12.28.59-edited-1024x576.jpeg\" src=\"https:\/\/unverredeau.com\/wp-content\/uploads\/2023\/10\/WhatsApp-Image-2023-09-19-at-12.28.59-edited.jpeg\" alt=\"\" class=\"wp-image-9335\" srcset=\"https:\/\/unverredeau.com\/wp-content\/uploads\/2023\/10\/WhatsApp-Image-2023-09-19-at-12.28.59-edited.jpeg 1200w, https:\/\/unverredeau.com\/wp-content\/uploads\/2023\/10\/WhatsApp-Image-2023-09-19-at-12.28.59-edited-300x169.jpeg 300w, https:\/\/unverredeau.com\/wp-content\/uploads\/2023\/10\/WhatsApp-Image-2023-09-19-at-12.28.59-edited-1024x576.jpeg 1024w, https:\/\/unverredeau.com\/wp-content\/uploads\/2023\/10\/WhatsApp-Image-2023-09-19-at-12.28.59-edited-768x432.jpeg 768w\" sizes=\"auto, (max-width: 1200px) 100vw, 1200px\" \/><\/a><\/figure>\n\n\n\n<div style=\"height:30px\" aria-hidden=\"true\" class=\"wp-block-spacer\"><\/div>\n\n\n\n<h2 class=\"wp-block-heading wp-embed-aspect-16-9 wp-has-aspect-ratio has-accent-color has-text-color\" id=\"juillet-2020-projet-2500-colis\"><span style=\"text-decoration: underline;\"><a href=\"https:\/\/unverredeau.com\/achevees\/urgence-maroc\/\" data-type=\"page\" data-id=\"8967\">Urgence Maroc<\/a><\/span><\/h2>\n\n\n\n<p class=\"wp-block-paragraph\">Le samedi 9 septembre 2023, un terrible tremblement de terre de magnitude 7 a fait \u00e0 ce jour pr\u00e8s de 3 000 morts et autant de bless\u00e9s au Maroc. <\/p>\n\n\n\n<p class=\"wp-block-paragraph\">Gr\u00e2ce \u00e0 nos amis de Sauveteurs Sans fronti\u00e8res (SSF) &amp; de Coeur &amp; ACT, la communaut\u00e9 d&rsquo;Un Verre d&rsquo;Eau a pu apporter une aide vitale aux victimes de ce s\u00e9isme. <\/p>\n\n\n\n<div style=\"height:100px\" aria-hidden=\"true\" class=\"wp-block-spacer\"><\/div>\n<\/div>\n\n\n\n<div class=\"wp-block-column is-layout-flow wp-block-column-is-layout-flow\">\n<figure class=\"wp-block-image size-full\"><a href=\"https:\/\/unverredeau.com\/madagascar\"><img loading=\"lazy\" decoding=\"async\" width=\"943\" height=\"530\" data-attachment-id=\"4755\" data-permalink=\"https:\/\/unverredeau.com\/fr_fr\/image1170x530cropped-copie\/\" data-orig-file=\"https:\/\/unverredeau.com\/wp-content\/uploads\/2022\/02\/image1170x530cropped-copie.jpg\" data-orig-size=\"943,530\" data-comments-opened=\"1\" data-image-meta=\"{&quot;aperture&quot;:&quot;0&quot;,&quot;credit&quot;:&quot;&quot;,&quot;camera&quot;:&quot;&quot;,&quot;caption&quot;:&quot;&quot;,&quot;created_timestamp&quot;:&quot;0&quot;,&quot;copyright&quot;:&quot;&quot;,&quot;focal_length&quot;:&quot;0&quot;,&quot;iso&quot;:&quot;0&quot;,&quot;shutter_speed&quot;:&quot;0&quot;,&quot;title&quot;:&quot;&quot;,&quot;orientation&quot;:&quot;1&quot;}\" data-image-title=\"image1170x530cropped copie\" data-image-description=\"\" data-image-caption=\"\" data-large-file=\"https:\/\/unverredeau.com\/wp-content\/uploads\/2022\/02\/image1170x530cropped-copie.jpg\" src=\"https:\/\/unverredeau.com\/wp-content\/uploads\/2022\/02\/image1170x530cropped-copie.jpg\" alt=\"\" class=\"wp-image-4755\" srcset=\"https:\/\/unverredeau.com\/wp-content\/uploads\/2022\/02\/image1170x530cropped-copie.jpg 943w, https:\/\/unverredeau.com\/wp-content\/uploads\/2022\/02\/image1170x530cropped-copie-300x169.jpg 300w, https:\/\/unverredeau.com\/wp-content\/uploads\/2022\/02\/image1170x530cropped-copie-768x432.jpg 768w\" sizes=\"auto, (max-width: 943px) 100vw, 943px\" \/><\/a><\/figure>\n\n\n\n<div style=\"height:30px\" aria-hidden=\"true\" class=\"wp-block-spacer\"><\/div>\n\n\n\n<h2 class=\"wp-block-heading\"><a href=\"https:\/\/unverredeau.com\/madagascar\"><span style=\"text-decoration: underline;\">Apr\u00e8s Ana et Batsirai, soufflons un \u00e9lan de g\u00e9n\u00e9rosit\u00e9 pour relever Madagascar&nbsp;!<\/span><\/a><\/h2>\n\n\n\n<p class=\"wp-block-paragraph\">Madagascar subit depuis ce d\u00e9but d\u2019ann\u00e9e 2022, les assauts r\u00e9p\u00e9t\u00e9s de plusieurs cyclones et entre la destruction des habitats et les inondations, la situation des plus d\u00e9munis dans cette grande \u00eele est vraiment catastrophique.<br>Le fonds de dotation Un Verre d\u2019Eau a d\u00e9cid\u00e9 de mettre en place une campagne pour tendre la main tr\u00e8s rapidement aux plus d\u00e9favoris\u00e9s.<\/p>\n\n\n\n<div style=\"height:100px\" aria-hidden=\"true\" class=\"wp-block-spacer\"><\/div>\n<\/div>\n\n\n\n<div class=\"wp-block-column is-layout-flow wp-block-column-is-layout-flow\">\n<figure class=\"wp-block-embed is-type-video is-provider-youtube wp-block-embed-youtube wp-embed-aspect-16-9 wp-has-aspect-ratio\"><div class=\"wp-block-embed__wrapper\">\n<span class=\"embed-youtube\" style=\"text-align:center; display: block;\"><iframe loading=\"lazy\" class=\"youtube-player\" width=\"1200\" height=\"675\" src=\"https:\/\/www.youtube.com\/embed\/MrJpU1DIqUc?version=3&#038;rel=1&#038;showsearch=0&#038;showinfo=1&#038;iv_load_policy=1&#038;fs=1&#038;hl=fr-FR&#038;autohide=2&#038;wmode=transparent\" allowfullscreen=\"true\" style=\"border:0;\" sandbox=\"allow-scripts allow-same-origin allow-popups allow-presentation allow-popups-to-escape-sandbox\"><\/iframe><\/span>\n<\/div><\/figure>\n\n\n\n<div style=\"height:30px\" aria-hidden=\"true\" class=\"wp-block-spacer\"><\/div>\n\n\n\n<h2 class=\"wp-block-heading wp-embed-aspect-16-9 wp-has-aspect-ratio\" id=\"fevrier-2020-du-lait-pour-sauver-des-bebes-au-tchad\"><a href=\"https:\/\/unverredeau.com\/campagne-realisee-pour-lassociation-betsaleel\/\"><span style=\"text-decoration: underline;\">F\u00e9vrier 2020 \u00ab\u00a0Du lait Pour Sauver des b\u00e9b\u00e9s au Tchad\u00a0\u00bb<\/span><\/a><\/h2>\n\n\n\n<p class=\"wp-embed-aspect-16-9 wp-has-aspect-ratio wp-block-paragraph\">Il s&rsquo;agit d&rsquo;une campagne fructueuse qui a \u00e9t\u00e9 le moyen de rassemblement des fonds permettant d\u2019approvisionner en lait les PMI totalement d\u00e9munies de N\u2019Djamena et Koumra pour 6 000 b\u00e9b\u00e9s par an sur 3 ans.<\/p>\n\n\n\n<div style=\"height:100px\" aria-hidden=\"true\" class=\"wp-block-spacer wp-embed-aspect-16-9 wp-has-aspect-ratio block-visibility-hide-large-screen block-visibility-hide-medium-screen block-visibility-hide-large-screen block-visibility-hide-medium-screen\"><\/div>\n<\/div>\n<\/div>\n\n\n\n<div class=\"wp-block-columns is-layout-flex wp-container-core-columns-is-layout-8f761849 wp-block-columns-is-layout-flex\">\n<div class=\"wp-block-column is-layout-flow wp-block-column-is-layout-flow\">\n<figure class=\"wp-block-embed is-type-video is-provider-youtube wp-block-embed-youtube wp-embed-aspect-16-9 wp-has-aspect-ratio\"><div class=\"wp-block-embed__wrapper\">\n<span class=\"embed-youtube\" style=\"text-align:center; display: block;\"><iframe loading=\"lazy\" class=\"youtube-player\" width=\"1200\" height=\"675\" src=\"https:\/\/www.youtube.com\/embed\/xpo4Mbv95tc?version=3&#038;rel=1&#038;showsearch=0&#038;showinfo=1&#038;iv_load_policy=1&#038;fs=1&#038;hl=fr-FR&#038;autohide=2&#038;wmode=transparent\" allowfullscreen=\"true\" style=\"border:0;\" sandbox=\"allow-scripts allow-same-origin allow-popups allow-presentation allow-popups-to-escape-sandbox\"><\/iframe><\/span>\n<\/div><\/figure>\n\n\n\n<div style=\"height:30px\" aria-hidden=\"true\" class=\"wp-block-spacer\"><\/div>\n\n\n\n<h2 class=\"wp-block-heading wp-embed-aspect-16-9 wp-has-aspect-ratio has-accent-color has-text-color\" id=\"juillet-2020-projet-2500-colis\"><span style=\"text-decoration: underline;\"><a href=\"https:\/\/afpesf.com\/projet2500colis-old\/\">Juillet 2020 \u00ab\u00a0Projet 2500 colis\u00a0\u00bb<\/a><\/span><\/h2>\n\n\n\n<p class=\"wp-embed-aspect-16-9 wp-has-aspect-ratio wp-block-paragraph\">Nous avons, avec cette campagne, aid\u00e9 l&rsquo;association AFPESF qui est le bras social de l&rsquo;\u00e9glise de la Porte Ouverte de Mulhouse. Notre action a \u00e9t\u00e9 de financer 2500 colis alimentaires pour l&rsquo;\u00e9picerie solidaire de l&rsquo;association au moment o\u00f9 cette r\u00e9gion commen\u00e7ait \u00e0 subir les cons\u00e9quences \u00e9conomiques et sociales, pour de nombreuses familles, \u00e0 la suite du premier confinement.<\/p>\n\n\n\n<div style=\"height:100px\" aria-hidden=\"true\" class=\"wp-block-spacer\"><\/div>\n<\/div>\n\n\n\n<div class=\"wp-block-column is-layout-flow wp-block-column-is-layout-flow\">\n<div style=\"height:30px\" aria-hidden=\"true\" class=\"wp-block-spacer\"><\/div>\n\n\n\n<div style=\"height:100px\" aria-hidden=\"true\" class=\"wp-block-spacer\"><\/div>\n<\/div>\n\n\n\n<div class=\"wp-block-column is-layout-flow wp-block-column-is-layout-flow\">\n<div style=\"height:30px\" aria-hidden=\"true\" class=\"wp-block-spacer\"><\/div>\n\n\n\n<div style=\"height:100px\" aria-hidden=\"true\" class=\"wp-block-spacer wp-embed-aspect-16-9 wp-has-aspect-ratio block-visibility-hide-large-screen block-visibility-hide-medium-screen block-visibility-hide-large-screen block-visibility-hide-medium-screen\"><\/div>\n<\/div>\n<\/div>\n","protected":false},"excerpt":{"rendered":"","protected":false},"author":206570806,"featured_media":0,"parent":0,"menu_order":0,"comment_status":"closed","ping_status":"closed","template":"","meta":{"_eb_attr":"","_crdt_document":"","footnotes":""},"class_list":["post-379","page","type-page","status-publish"],"jetpack_sharing_enabled":false,"jetpack_shortlink":"https:\/\/wp.me\/Pd4Q5h-67","_links":{"self":[{"href":"https:\/\/unverredeau.com\/fr_fr\/wp-json\/wp\/v2\/pages\/379","targetHints":{"allow":["GET"]}}],"collection":[{"href":"https:\/\/unverredeau.com\/fr_fr\/wp-json\/wp\/v2\/pages"}],"about":[{"href":"https:\/\/unverredeau.com\/fr_fr\/wp-json\/wp\/v2\/types\/page"}],"author":[{"embeddable":true,"href":"https:\/\/unverredeau.com\/fr_fr\/wp-json\/wp\/v2\/users\/206570806"}],"replies":[{"embeddable":true,"href":"https:\/\/unverredeau.com\/fr_fr\/wp-json\/wp\/v2\/comments?post=379"}],"version-history":[{"count":67,"href":"https:\/\/unverredeau.com\/fr_fr\/wp-json\/wp\/v2\/pages\/379\/revisions"}],"predecessor-version":[{"id":9340,"href":"https:\/\/unverredeau.com\/fr_fr\/wp-json\/wp\/v2\/pages\/379\/revisions\/9340"}],"wp:attachment":[{"href":"https:\/\/unverredeau.com\/fr_fr\/wp-json\/wp\/v2\/media?parent=379"}],"curies":[{"name":"wp","href":"https:\/\/api.w.org\/{rel}","templated":true}]}}